{"id":10806,"date":"2024-10-23T12:47:52","date_gmt":"2024-10-23T12:47:52","guid":{"rendered":"https:\/\/nauen.berlinaten.de\/?page_id=10806"},"modified":"2024-10-23T14:14:30","modified_gmt":"2024-10-23T14:14:30","slug":"buergerinformationen-nauen","status":"publish","type":"page","link":"https:\/\/stadtm.de\/nauen\/nauen-erleben\/buergerinformationen-nauen\/","title":{"rendered":"B\u00fcrgerinformationen Nauen"},"content":{"rendered":"<h2>Verwaltung &amp; Rathaus<\/h2>\n<p>&nbsp;<\/p>\n<p><img fetchpriority=\"high\" decoding=\"async\" class=\"size-medium wp-image-10817 alignleft\" src=\"https:\/\/stadtm.de\/nauen\/wp-content\/uploads\/2024\/10\/clipboard-administration-paperwork-functional-300x200.jpg\" alt=\"\" width=\"300\" height=\"200\" \/>Das Rathaus der Stadt Nauen ist Ihr zentraler Anlaufpunkt f\u00fcr s\u00e4mtliche Verwaltungsangelegenheiten. Hier finden Sie alle wichtigen Informationen zu den \u00c4mtern, deren Kontaktdaten sowie zu den angebotenen Dienstleistungen. Egal ob Sie Fragen zum Meldewesen, Baugenehmigungen, Steuern oder sozialen Leistungen haben \u2013 die Stadtverwaltung steht Ihnen jederzeit unterst\u00fctzend zur Seite.<\/p>\n<p>Die Verwaltungsstruktur ist klar gegliedert, um Ihnen in verschiedenen Lebensbereichen effizient zu helfen. Jede Abteilung verf\u00fcgt \u00fcber erfahrene Mitarbeiterinnen und Mitarbeiter, die Ihnen bei Ihren Anliegen kompetent zur Verf\u00fcgung stehen. Neben den klassischen Dienstleistungen des B\u00fcrgerb\u00fcros, wie der Beantragung von Ausweisdokumenten oder der Anmeldung Ihres Wohnsitzes, bieten wir Ihnen auch spezialisierte Beratungen zu Themen wie Stadtentwicklung, Sicherheit und Soziales.<\/p>\n<p>Um Ihnen Zeit zu sparen, stehen viele der Serviceangebote auch online zur Verf\u00fcgung. Sie k\u00f6nnen Formulare herunterladen, Antr\u00e4ge stellen oder Termine mit den zust\u00e4ndigen Stellen direkt \u00fcber unsere Webseite buchen. Das Ziel der Stadt Nauen ist es, den Zugang zu Verwaltungsdienstleistungen so einfach und barrierefrei wie m\u00f6glich zu gestalten. Sollten Sie eine pers\u00f6nliche Beratung bevorzugen, besuchen Sie die Verwaltung gerne zu den angegebenen \u00d6ffnungszeiten im Rathaus. Das freundliche Team im B\u00fcrgerb\u00fcro sowie in den Fachabteilungen freut sich darauf, Ihnen weiterzuhelfen.<\/p>\n<h2>Kontakt zu den \u00c4mtern<\/h2>\n<p><img decoding=\"async\" class=\"alignright wp-image-10816 size-medium\" src=\"https:\/\/stadtm.de\/nauen\/wp-content\/uploads\/2024\/10\/data-typing-and-administration-office-worker-using-laptop-computer-300x200.jpg\" alt=\" \" width=\"300\" height=\"200\" \/><\/p>\n<p>Die Stadtverwaltung Nauen steht Ihnen gerne bei Fragen und Anliegen zur Verf\u00fcgung.\u00a0 Egal ob es um Anfragen zum Einwohnermeldeamt, Bauangelegenheiten, Ordnungsfragen oder soziale Dienste geht \u2013 die Mitarbeiter der Stadt helfen Ihnen weiter.<\/p>\n<p>Die Stadtverwaltung Nauen ist in mehrere Fachbereiche gegliedert, um Ihnen in verschiedenen Angelegenheiten bestm\u00f6glich weiterzuhelfen:<\/p>\n<ul>\n<li><strong>B\u00fcrgermeisterbereich<\/strong>: Direkter Kontakt zur Stadtspitze und zust\u00e4ndig f\u00fcr strategische Entscheidungen sowie repr\u00e4sentative Aufgaben.<\/li>\n<\/ul>\n<ul>\n<li><strong>Fachbereich Service &amp; Dienstleistungen (FB 10)<\/strong>: Hier erhalten Sie allgemeine Informationen und Unterst\u00fctzung zu B\u00fcrgeranliegen wie Meldewesen, Gewerbeanmeldung oder Fundb\u00fcro.<\/li>\n<li><strong>Fachbereich Personal\/Bildung\/Soziales (FB 11\/40\/50)<\/strong>: Zust\u00e4ndig f\u00fcr Personalangelegenheiten der Stadtverwaltung sowie f\u00fcr Bildungsfragen, soziale Dienste und Angebote, wie Kita-Anmeldungen und Sozialleistungen.<\/li>\n<li><strong>Fachbereich Finanzen (FB 20)<\/strong>: Verwalten der Finanzen der Stadt, zust\u00e4ndig f\u00fcr Steuern, Geb\u00fchren und Haushaltsfragen.<\/li>\n<li><strong>Fachbereich Sicherheit und Ordnung (FB 30)<\/strong>: Regelung von Ordnung, Sicherheit und \u00f6ffentlichem Leben. Hier finden Sie Ansprechpartner f\u00fcr Ordnungsangelegenheiten, wie Genehmigungen f\u00fcr Veranstaltungen oder den Au\u00dfendienst.<\/li>\n<li><strong>Fachbereich Bau (FB 60)<\/strong>: Zust\u00e4ndig f\u00fcr Bauprojekte, Stadtentwicklung, Bauantr\u00e4ge und Fragen zum Denkmalschutz.<\/li>\n<\/ul>\n<p>Die Mitarbeiterinnen und Mitarbeiter in den verschiedenen Fachbereichen stehen Ihnen bei Fragen gerne zur Verf\u00fcgung.\u00a0Bitte beachten Sie, dass in einigen \u00c4mtern, wie dem Einwohnermeldeamt, f\u00fcr bestimmte Anliegen vorab Termine vereinbart werden m\u00fcssen. Weitere Informationen dazu finden Sie auf unserer Website oder telefonisch \u00fcber die jeweilige Abteilung.<\/p>\n<h2>Das Standesamt Nauen<\/h2>\n<p><img decoding=\"async\" class=\"size-medium wp-image-10837 alignright\" src=\"https:\/\/stadtm.de\/nauen\/wp-content\/uploads\/2024\/10\/bride-with-bouquet-and-groom-at-wedding-registry-300x200.jpg\" alt=\" \" width=\"300\" height=\"200\" \/>Das Standesamt Nauen bietet vielf\u00e4ltige Dienstleistungen f\u00fcr B\u00fcrgerinnen und B\u00fcrger. Hier k\u00f6nnen Sie neben der Anmeldung zur Eheschlie\u00dfung auch Dokumente wie Geburts-, Sterbe- und Eheurkunden anfordern. F\u00fcr Eheschlie\u00dfungen ist das Standesamt der erste Ansprechpartner, wenn Sie in Nauen oder Wustermark leben. Auch wenn Sie Ihre Hochzeit an einem anderen Ort planen, erfolgt die Anmeldung hier, sofern Sie in diesen Gemeinden wohnhaft sind.<\/p>\n<p>F\u00fcr die Eheschlie\u00dfung selbst k\u00f6nnen Sie zwischen mehreren romantischen Trauorten wie dem historischen Rathaus in Nauen, dem Schloss Ribbeck oder Gut Gro\u00df Behnitz w\u00e4hlen. Alle erforderlichen Unterlagen wie Personalausweis oder Reisepass, Geburtsurkunden und gegebenenfalls Ehedokumente aus fr\u00fcheren Ehen sind zum Anmeldetermin mitzubringen. Der genaue Ablauf der Anmeldung wird im pers\u00f6nlichen Gespr\u00e4ch erkl\u00e4rt, um sicherzustellen, dass alles reibungslos verl\u00e4uft.\u00a0Neben der Eheschlie\u00dfung bietet das Standesamt auch Unterst\u00fctzung bei namensrechtlichen Erkl\u00e4rungen, Geburtenregistrierungen, Scheidungen und vielem mehr. Sollten Sie internationale Dokumente ben\u00f6tigen, informiert das Standesamt \u00fcber die Verfahren wie Apostillen oder Legalisation, um diese im Ausland anerkennen zu lassen.<\/p>\n<p>&nbsp;<\/p>\n<p>&nbsp;<\/p>\n","protected":false},"excerpt":{"rendered":"<p>Verwaltung &amp; Rathaus &nbsp; Das Rathaus der Stadt Nauen ist Ihr zentraler Anlaufpunkt f\u00fcr s\u00e4mtliche Verwaltungsangelegenheiten. Hier finden Sie alle wichtigen Informationen zu den \u00c4mtern, deren Kontaktdaten sowie zu den angebotenen Dienstleistungen. Egal ob Sie Fragen zum Meldewesen, Baugenehmigungen, Steuern oder sozialen Leistungen haben \u2013 die Stadtverwaltung steht Ihnen jederzeit unterst\u00fctzend zur Seite. Die Verwaltungsstruktur &hellip; <\/p>\n","protected":false},"author":1,"featured_media":0,"parent":10150,"menu_order":0,"comment_status":"closed","ping_status":"closed","template":"","meta":{"footnotes":""},"class_list":["post-10806","page","type-page","status-publish","hentry"],"yoast_head":"<!-- This site is optimized with the Yoast SEO plugin v25.6 - https:\/\/yoast.com\/wordpress\/plugins\/seo\/ -->\n<title>B\u00fcrgerinformationen Nauen - Nauen Stadtplan - Stadtm<\/title>\n<meta name=\"robots\" content=\"index, follow, max-snippet:-1, max-image-preview:large, max-video-preview:-1\" \/>\n<link rel=\"canonical\" href=\"https:\/\/stadtm.de\/nauen\/nauen-erleben\/buergerinformationen-nauen\/\" \/>\n<meta property=\"og:locale\" content=\"de_DE\" \/>\n<meta property=\"og:type\" content=\"article\" \/>\n<meta property=\"og:title\" content=\"B\u00fcrgerinformationen Nauen - Nauen Stadtplan - Stadtm\" \/>\n<meta property=\"og:description\" content=\"Verwaltung &amp; Rathaus &nbsp; Das Rathaus der Stadt Nauen ist Ihr zentraler Anlaufpunkt f\u00fcr s\u00e4mtliche Verwaltungsangelegenheiten. Hier finden Sie alle wichtigen Informationen zu den \u00c4mtern, deren Kontaktdaten sowie zu den angebotenen Dienstleistungen. Egal ob Sie Fragen zum Meldewesen, Baugenehmigungen, Steuern oder sozialen Leistungen haben \u2013 die Stadtverwaltung steht Ihnen jederzeit unterst\u00fctzend zur Seite. Die Verwaltungsstruktur &hellip;\" \/>\n<meta property=\"og:url\" content=\"https:\/\/stadtm.de\/nauen\/nauen-erleben\/buergerinformationen-nauen\/\" \/>\n<meta property=\"og:site_name\" content=\"Nauen Stadtplan - Stadtm\" \/>\n<meta property=\"article:modified_time\" content=\"2024-10-23T14:14:30+00:00\" \/>\n<meta property=\"og:image\" content=\"https:\/\/stadtm.de\/nauen\/wp-content\/uploads\/2024\/10\/clipboard-administration-paperwork-functional.jpg\" \/>\n\t<meta property=\"og:image:width\" content=\"2000\" \/>\n\t<meta property=\"og:image:height\" content=\"1335\" \/>\n\t<meta property=\"og:image:type\" content=\"image\/jpeg\" \/>\n<meta name=\"twitter:card\" content=\"summary_large_image\" \/>\n<meta name=\"twitter:label1\" content=\"Gesch\u00e4tzte Lesezeit\" \/>\n\t<meta name=\"twitter:data1\" content=\"3\u00a0Minuten\" \/>\n<script type=\"application\/ld+json\" class=\"yoast-schema-graph\">{\"@context\":\"https:\/\/schema.org\",\"@graph\":[{\"@type\":\"WebPage\",\"@id\":\"https:\/\/stadtm.de\/nauen\/nauen-erleben\/buergerinformationen-nauen\/\",\"url\":\"https:\/\/stadtm.de\/nauen\/nauen-erleben\/buergerinformationen-nauen\/\",\"name\":\"B\u00fcrgerinformationen Nauen - Nauen Stadtplan - Stadtm\",\"isPartOf\":{\"@id\":\"https:\/\/stadtm.de\/nauen\/#website\"},\"primaryImageOfPage\":{\"@id\":\"https:\/\/stadtm.de\/nauen\/nauen-erleben\/buergerinformationen-nauen\/#primaryimage\"},\"image\":{\"@id\":\"https:\/\/stadtm.de\/nauen\/nauen-erleben\/buergerinformationen-nauen\/#primaryimage\"},\"thumbnailUrl\":\"https:\/\/stadtm.de\/nauen\/wp-content\/uploads\/2024\/10\/clipboard-administration-paperwork-functional-300x200.jpg\",\"datePublished\":\"2024-10-23T12:47:52+00:00\",\"dateModified\":\"2024-10-23T14:14:30+00:00\",\"breadcrumb\":{\"@id\":\"https:\/\/stadtm.de\/nauen\/nauen-erleben\/buergerinformationen-nauen\/#breadcrumb\"},\"inLanguage\":\"de\",\"potentialAction\":[{\"@type\":\"ReadAction\",\"target\":[\"https:\/\/stadtm.de\/nauen\/nauen-erleben\/buergerinformationen-nauen\/\"]}]},{\"@type\":\"ImageObject\",\"inLanguage\":\"de\",\"@id\":\"https:\/\/stadtm.de\/nauen\/nauen-erleben\/buergerinformationen-nauen\/#primaryimage\",\"url\":\"https:\/\/stadtm.de\/nauen\/wp-content\/uploads\/2024\/10\/clipboard-administration-paperwork-functional.jpg\",\"contentUrl\":\"https:\/\/stadtm.de\/nauen\/wp-content\/uploads\/2024\/10\/clipboard-administration-paperwork-functional.jpg\",\"width\":2000,\"height\":1335,\"caption\":\"\"},{\"@type\":\"BreadcrumbList\",\"@id\":\"https:\/\/stadtm.de\/nauen\/nauen-erleben\/buergerinformationen-nauen\/#breadcrumb\",\"itemListElement\":[{\"@type\":\"ListItem\",\"position\":1,\"name\":\"Startseite\",\"item\":\"https:\/\/stadtm.de\/nauen\/\"},{\"@type\":\"ListItem\",\"position\":2,\"name\":\"Nauen Erleben\",\"item\":\"https:\/\/stadtm.de\/nauen\/nauen-erleben\/\"},{\"@type\":\"ListItem\",\"position\":3,\"name\":\"B\u00fcrgerinformationen Nauen\"}]},{\"@type\":\"WebSite\",\"@id\":\"https:\/\/stadtm.de\/nauen\/#website\",\"url\":\"https:\/\/stadtm.de\/nauen\/\",\"name\":\"Nauen Stadtplan - Stadtm\",\"description\":\"\",\"potentialAction\":[{\"@type\":\"SearchAction\",\"target\":{\"@type\":\"EntryPoint\",\"urlTemplate\":\"https:\/\/stadtm.de\/nauen\/?s={search_term_string}\"},\"query-input\":{\"@type\":\"PropertyValueSpecification\",\"valueRequired\":true,\"valueName\":\"search_term_string\"}}],\"inLanguage\":\"de\"}]}<\/script>\n<!-- \/ Yoast SEO plugin. -->","yoast_head_json":{"title":"B\u00fcrgerinformationen Nauen - Nauen Stadtplan - Stadtm","robots":{"index":"index","follow":"follow","max-snippet":"max-snippet:-1","max-image-preview":"max-image-preview:large","max-video-preview":"max-video-preview:-1"},"canonical":"https:\/\/stadtm.de\/nauen\/nauen-erleben\/buergerinformationen-nauen\/","og_locale":"de_DE","og_type":"article","og_title":"B\u00fcrgerinformationen Nauen - Nauen Stadtplan - Stadtm","og_description":"Verwaltung &amp; Rathaus &nbsp; Das Rathaus der Stadt Nauen ist Ihr zentraler Anlaufpunkt f\u00fcr s\u00e4mtliche Verwaltungsangelegenheiten. Hier finden Sie alle wichtigen Informationen zu den \u00c4mtern, deren Kontaktdaten sowie zu den angebotenen Dienstleistungen. Egal ob Sie Fragen zum Meldewesen, Baugenehmigungen, Steuern oder sozialen Leistungen haben \u2013 die Stadtverwaltung steht Ihnen jederzeit unterst\u00fctzend zur Seite. Die Verwaltungsstruktur &hellip;","og_url":"https:\/\/stadtm.de\/nauen\/nauen-erleben\/buergerinformationen-nauen\/","og_site_name":"Nauen Stadtplan - Stadtm","article_modified_time":"2024-10-23T14:14:30+00:00","og_image":[{"width":2000,"height":1335,"url":"https:\/\/stadtm.de\/nauen\/wp-content\/uploads\/2024\/10\/clipboard-administration-paperwork-functional.jpg","type":"image\/jpeg"}],"twitter_card":"summary_large_image","twitter_misc":{"Gesch\u00e4tzte Lesezeit":"3\u00a0Minuten"},"schema":{"@context":"https:\/\/schema.org","@graph":[{"@type":"WebPage","@id":"https:\/\/stadtm.de\/nauen\/nauen-erleben\/buergerinformationen-nauen\/","url":"https:\/\/stadtm.de\/nauen\/nauen-erleben\/buergerinformationen-nauen\/","name":"B\u00fcrgerinformationen Nauen - Nauen Stadtplan - Stadtm","isPartOf":{"@id":"https:\/\/stadtm.de\/nauen\/#website"},"primaryImageOfPage":{"@id":"https:\/\/stadtm.de\/nauen\/nauen-erleben\/buergerinformationen-nauen\/#primaryimage"},"image":{"@id":"https:\/\/stadtm.de\/nauen\/nauen-erleben\/buergerinformationen-nauen\/#primaryimage"},"thumbnailUrl":"https:\/\/stadtm.de\/nauen\/wp-content\/uploads\/2024\/10\/clipboard-administration-paperwork-functional-300x200.jpg","datePublished":"2024-10-23T12:47:52+00:00","dateModified":"2024-10-23T14:14:30+00:00","breadcrumb":{"@id":"https:\/\/stadtm.de\/nauen\/nauen-erleben\/buergerinformationen-nauen\/#breadcrumb"},"inLanguage":"de","potentialAction":[{"@type":"ReadAction","target":["https:\/\/stadtm.de\/nauen\/nauen-erleben\/buergerinformationen-nauen\/"]}]},{"@type":"ImageObject","inLanguage":"de","@id":"https:\/\/stadtm.de\/nauen\/nauen-erleben\/buergerinformationen-nauen\/#primaryimage","url":"https:\/\/stadtm.de\/nauen\/wp-content\/uploads\/2024\/10\/clipboard-administration-paperwork-functional.jpg","contentUrl":"https:\/\/stadtm.de\/nauen\/wp-content\/uploads\/2024\/10\/clipboard-administration-paperwork-functional.jpg","width":2000,"height":1335,"caption":""},{"@type":"BreadcrumbList","@id":"https:\/\/stadtm.de\/nauen\/nauen-erleben\/buergerinformationen-nauen\/#breadcrumb","itemListElement":[{"@type":"ListItem","position":1,"name":"Startseite","item":"https:\/\/stadtm.de\/nauen\/"},{"@type":"ListItem","position":2,"name":"Nauen Erleben","item":"https:\/\/stadtm.de\/nauen\/nauen-erleben\/"},{"@type":"ListItem","position":3,"name":"B\u00fcrgerinformationen Nauen"}]},{"@type":"WebSite","@id":"https:\/\/stadtm.de\/nauen\/#website","url":"https:\/\/stadtm.de\/nauen\/","name":"Nauen Stadtplan - Stadtm","description":"","potentialAction":[{"@type":"SearchAction","target":{"@type":"EntryPoint","urlTemplate":"https:\/\/stadtm.de\/nauen\/?s={search_term_string}"},"query-input":{"@type":"PropertyValueSpecification","valueRequired":true,"valueName":"search_term_string"}}],"inLanguage":"de"}]}},"_links":{"self":[{"href":"https:\/\/stadtm.de\/nauen\/wp-json\/wp\/v2\/pages\/10806","targetHints":{"allow":["GET"]}}],"collection":[{"href":"https:\/\/stadtm.de\/nauen\/wp-json\/wp\/v2\/pages"}],"about":[{"href":"https:\/\/stadtm.de\/nauen\/wp-json\/wp\/v2\/types\/page"}],"author":[{"embeddable":true,"href":"https:\/\/stadtm.de\/nauen\/wp-json\/wp\/v2\/users\/1"}],"replies":[{"embeddable":true,"href":"https:\/\/stadtm.de\/nauen\/wp-json\/wp\/v2\/comments?post=10806"}],"version-history":[{"count":11,"href":"https:\/\/stadtm.de\/nauen\/wp-json\/wp\/v2\/pages\/10806\/revisions"}],"predecessor-version":[{"id":10873,"href":"https:\/\/stadtm.de\/nauen\/wp-json\/wp\/v2\/pages\/10806\/revisions\/10873"}],"up":[{"embeddable":true,"href":"https:\/\/stadtm.de\/nauen\/wp-json\/wp\/v2\/pages\/10150"}],"wp:attachment":[{"href":"https:\/\/stadtm.de\/nauen\/wp-json\/wp\/v2\/media?parent=10806"}],"curies":[{"name":"wp","href":"https:\/\/api.w.org\/{rel}","templated":true}]}}