{"id":591,"date":"2024-10-29T22:57:07","date_gmt":"2024-10-29T22:57:07","guid":{"rendered":"https:\/\/stadtm.de\/SG_Flotwedel\/?page_id=591"},"modified":"2025-03-14T13:19:01","modified_gmt":"2025-03-14T12:19:01","slug":"impressum","status":"publish","type":"page","link":"https:\/\/stadtm.de\/Bad-Lauchstaedt\/impressum\/","title":{"rendered":"Impressum"},"content":{"rendered":"<h1>Impressum<\/h1>\n<p>Alexander Bock<br \/>\nTraditionArt Verlag \u2013 Alexander Bock<br \/>\nNeul\u00e4nder Stra\u00dfe 7<br \/>\n04916 Sch\u00f6newalde<\/p>\n<h2>Kontakt<\/h2>\n<p>Telefon: 0<span class=\"truncate whitespace-normal\" data-test=\"0049305093067-09\">30 509 306 709<\/span><br \/>\nE-Mail: info@stadtm.de<\/p>\n<h2>Redaktionell verantwortlich<\/h2>\n<p>Ingo Noack<br \/>\nD\u00fcsseldorfer Stra\u00dfe 68 \u2013 69<br \/>\n10719 Berlin<\/p>\n<h2>EU-Streitschlichtung<\/h2>\n<p>Die Europ\u00e4ische Kommission stellt eine Plattform zur Online-Streitbeilegung (OS) bereit: <a href=\"https:\/\/ec.europa.eu\/consumers\/odr\/\" target=\"_blank\" rel=\"noopener noreferrer nofollow\">https:\/\/ec.europa.eu\/consumers\/odr\/<\/a>.<br \/>\nUnsere E-Mail-Adresse finden Sie oben im Impressum.<\/p>\n<h2>Verbraucher\u00adstreit\u00adbeilegung\/Universal\u00adschlichtungs\u00adstelle<\/h2>\n<p>Wir sind nicht bereit oder verpflichtet, an Streitbeilegungsverfahren vor einer Verbraucherschlichtungsstelle teilzunehmen.<\/p>\n<h2>Zentrale Kontaktstelle nach dem Digital Services Act &#8211; DSA (Verordnung (EU) 2022\/265)<\/h2>\n<p>Unsere zentrale Kontaktstelle f\u00fcr Nutzer und Beh\u00f6rden nach Art. 11, 12 DSA erreichen Sie wie folgt:<\/p>\n<p>E-Mail: ab@traditionart-verlag.de<br \/>\nTelefon: 0<span class=\"truncate whitespace-normal\" data-test=\"0049305093067-09\">30 50930 6709<\/span><\/p>\n<p>Die f\u00fcr den Kontakt zur Verf\u00fcgung stehenden Sprachen sind: Deutsch, Englisch.<\/p>\n","protected":false},"excerpt":{"rendered":"<p>Impressum Alexander Bock TraditionArt Verlag \u2013 Alexander Bock Neul\u00e4nder Stra\u00dfe 7 04916 Sch\u00f6newalde Kontakt Telefon: 030 509 306 709 E-Mail: info@stadtm.de Redaktionell verantwortlich Ingo Noack D\u00fcsseldorfer Stra\u00dfe 68 \u2013 69 10719 Berlin EU-Streitschlichtung Die Europ\u00e4ische Kommission stellt eine Plattform zur Online-Streitbeilegung (OS) bereit: https:\/\/ec.europa.eu\/consumers\/odr\/. Unsere E-Mail-Adresse finden Sie oben im Impressum. Verbraucher\u00adstreit\u00adbeilegung\/Universal\u00adschlichtungs\u00adstelle Wir sind nicht [&hellip;]<\/p>\n","protected":false},"author":1,"featured_media":0,"parent":0,"menu_order":0,"comment_status":"closed","ping_status":"closed","template":"","meta":{"footnotes":""},"class_list":["post-591","page","type-page","status-publish","hentry"],"acf":[],"_links":{"self":[{"href":"https:\/\/stadtm.de\/Bad-Lauchstaedt\/wp-json\/wp\/v2\/pages\/591","targetHints":{"allow":["GET"]}}],"collection":[{"href":"https:\/\/stadtm.de\/Bad-Lauchstaedt\/wp-json\/wp\/v2\/pages"}],"about":[{"href":"https:\/\/stadtm.de\/Bad-Lauchstaedt\/wp-json\/wp\/v2\/types\/page"}],"author":[{"embeddable":true,"href":"https:\/\/stadtm.de\/Bad-Lauchstaedt\/wp-json\/wp\/v2\/users\/1"}],"replies":[{"embeddable":true,"href":"https:\/\/stadtm.de\/Bad-Lauchstaedt\/wp-json\/wp\/v2\/comments?post=591"}],"version-history":[{"count":1,"href":"https:\/\/stadtm.de\/Bad-Lauchstaedt\/wp-json\/wp\/v2\/pages\/591\/revisions"}],"predecessor-version":[{"id":3418,"href":"https:\/\/stadtm.de\/Bad-Lauchstaedt\/wp-json\/wp\/v2\/pages\/591\/revisions\/3418"}],"wp:attachment":[{"href":"https:\/\/stadtm.de\/Bad-Lauchstaedt\/wp-json\/wp\/v2\/media?parent=591"}],"curies":[{"name":"wp","href":"https:\/\/api.w.org\/{rel}","templated":true}]}}